{"id":473,"date":"2023-09-29T11:53:04","date_gmt":"2023-09-29T09:53:04","guid":{"rendered":"https:\/\/pecesbaratos.es\/?page_id=473"},"modified":"2023-09-30T19:00:24","modified_gmt":"2023-09-30T17:00:24","slug":"condiciones-de-compra","status":"publish","type":"page","link":"https:\/\/pecesbaratos.es\/index.php\/condiciones-de-compra\/","title":{"rendered":"Condiciones de compra"},"content":{"rendered":"\n<p><\/p>\n\n\n\n<p><strong>Condiciones de Compra<\/strong><\/p>\n\n\n\n<ol class=\"wp-block-list\">\n<li><strong>Plazo de Entrega<\/strong>: El plazo de entrega ser\u00e1 de 7 a 10 d\u00edas a partir del pago, siempre y cuando los peces no est\u00e9n en stock. En caso de que los peces est\u00e9n en stock, el env\u00edo se realizar\u00e1 lo antes posible.<\/li>\n\n\n\n<li><strong>Garant\u00eda de Env\u00edos<\/strong>: Garantizamos la llegada de todos tus peces vivos. En caso de recibir alg\u00fan pez en mal estado, es imprescindible hacer un video del pez dentro de la bolsa precintada como prueba.<\/li>\n\n\n\n<li><strong>Peces en Mal Estado<\/strong>: En el caso de que recibas un pez en mal estado, tendr\u00e1s dos opciones:<\/li>\n<\/ol>\n\n\n\n<ul class=\"wp-block-list\">\n<li>Opci\u00f3n 1: Haremos un cheque descuento con el valor del pez para que lo utilices en tu pr\u00f3xima compra.<\/li>\n\n\n\n<li>Opci\u00f3n 2: Te abonaremos el importe del pez.<\/li>\n<\/ul>\n\n\n\n<ol class=\"wp-block-list\">\n<li><strong>Varias Bajas<\/strong>: En el caso de tener varias bajas en tu pedido, reenviaremos el pedido al cliente para asegurar que todos los peces lleguen en perfecto estado.<\/li>\n\n\n\n<li><strong>Temperatura y Estado de los Peces<\/strong>: Todos nuestros env\u00edos de peces se realizan con una temperatura constante entre 23-26 grados cent\u00edgrados. Los peces est\u00e1n preparados para aguantar hasta 72 horas en perfecto estado durante el transporte.<\/li>\n<\/ol>\n\n\n\n<p><\/p>\n","protected":false},"excerpt":{"rendered":"<p>Condiciones de Compra<\/p>\n","protected":false},"author":1,"featured_media":0,"parent":0,"menu_order":0,"comment_status":"closed","ping_status":"closed","template":"","meta":{"footnotes":""},"class_list":["post-473","page","type-page","status-publish","hentry"],"_links":{"self":[{"href":"https:\/\/pecesbaratos.es\/index.php\/wp-json\/wp\/v2\/pages\/473","targetHints":{"allow":["GET"]}}],"collection":[{"href":"https:\/\/pecesbaratos.es\/index.php\/wp-json\/wp\/v2\/pages"}],"about":[{"href":"https:\/\/pecesbaratos.es\/index.php\/wp-json\/wp\/v2\/types\/page"}],"author":[{"embeddable":true,"href":"https:\/\/pecesbaratos.es\/index.php\/wp-json\/wp\/v2\/users\/1"}],"replies":[{"embeddable":true,"href":"https:\/\/pecesbaratos.es\/index.php\/wp-json\/wp\/v2\/comments?post=473"}],"version-history":[{"count":2,"href":"https:\/\/pecesbaratos.es\/index.php\/wp-json\/wp\/v2\/pages\/473\/revisions"}],"predecessor-version":[{"id":1284,"href":"https:\/\/pecesbaratos.es\/index.php\/wp-json\/wp\/v2\/pages\/473\/revisions\/1284"}],"wp:attachment":[{"href":"https:\/\/pecesbaratos.es\/index.php\/wp-json\/wp\/v2\/media?parent=473"}],"curies":[{"name":"wp","href":"https:\/\/api.w.org\/{rel}","templated":true}]}}